{"id":9,"date":"2024-07-31T13:48:28","date_gmt":"2024-07-31T13:48:28","guid":{"rendered":"https:\/\/breer-sv.4vpn.de\/?page_id=9"},"modified":"2024-07-31T13:52:48","modified_gmt":"2024-07-31T13:52:48","slug":"impressum","status":"publish","type":"page","link":"https:\/\/breer-sv.4vpn.de\/","title":{"rendered":"Impressum"},"content":{"rendered":"<div class=\"brz-root__container brz-reset-all brz\">{{ brizy_dc_global_blocks position=&#8217;top&#8216; }}<\/p>\n<section id=\"txy8pzHZF42H\" class=\"brz-section brz-css-aRPG3\">\n<div class=\"brz-section__content brz-section--boxed brz-css-inQFn\" data-brz-custom-id=\"lNj2Ai_GBZbW\">\n<div class=\"brz-container brz-css-mwsJC\">\n<div id=\"\" class=\"brz-css-cUnvA brz-wrapper\">\n<div class=\"brz-rich-text brz-rich-text__custom brz-css-u8bp_\" data-brz-custom-id=\"nQL6fp1AtVXb\">\n<div data-brz-translate-text=\"1\">\n<p class=\"brz-tp-lg-empty brz-vfw-lg-400 brz-fwdth-lg-100 brz-fsft-lg-0 brz-ff-be_vietnam_pro brz-ft-google brz-fs-lg-45 brz-fss-lg-px brz-fw-lg-700 brz-ls-lg-0 brz-lh-lg-1 brz-css-nSYe4\" data-uniq-id=\"x4NUy\" data-generated-css=\"brz-css-y4BTa\"><strong class=\"brz-cp-color7 brz-capitalize-on\" style=\"color: rgb(31, 32, 34);\">ANGABEN GEM\u00c4SS \u00a7 5 TMG<\/strong><\/p>\n<p class=\"brz-tp-lg-paragraph brz-css-iROAD\" data-uniq-id=\"k3iyN\" data-generated-css=\"brz-css-aK28k\">Johannes Breer<\/p>\n<p class=\"brz-tp-lg-paragraph brz-css-dmDGK\" data-uniq-id=\"kPaiR\" data-generated-css=\"brz-css-xGNNi\">Insolvenzbegleiter \/ Auktionator<\/p>\n<p class=\"brz-tp-lg-paragraph brz-css-hYYLO\" data-uniq-id=\"vGzIA\" data-generated-css=\"brz-css-xDQvS\"><\/p>\n<p class=\"brz-tp-lg-paragraph brz-css-pPBA3\" data-uniq-id=\"wXT83\" data-generated-css=\"brz-css-bFjxm\">Einzelunternehmen<\/p>\n<p class=\"brz-tp-lg-paragraph brz-css-y4fRg\" data-uniq-id=\"l3KuG\" data-generated-css=\"brz-css-wrzv6\">61\/106\/04430<\/p>\n<p class=\"brz-tp-lg-paragraph brz-css-xU8iW\" data-uniq-id=\"mLdvP\" data-generated-css=\"brz-css-flJ7G\"><\/p>\n<p class=\"brz-tp-lg-paragraph brz-css-bA7oa\" data-uniq-id=\"gEUxE\" data-generated-css=\"brz-css-t6hqp\">D\u00f6rgener Feld 4a<\/p>\n<p class=\"brz-tp-lg-paragraph brz-css-kUkET\" data-uniq-id=\"m7uhE\" data-generated-css=\"brz-css-vV3Vn\">49740 Hasel\u00fcnne<\/p>\n<p class=\"brz-tp-lg-paragraph brz-css-m1p8z\" data-uniq-id=\"lTFyX\" data-generated-css=\"brz-css-bJTDT\"><\/p>\n<p class=\"brz-tp-lg-paragraph brz-css-qM4Hu\" data-uniq-id=\"tB2HV\" data-generated-css=\"brz-css-obFWE\"><span style=\"color: rgb(0, 134, 240); background-color: inherit;\">+49 151 4160 4164<\/span><\/p>\n<p class=\"brz-tp-lg-paragraph brz-css-rIN8Z\" data-uniq-id=\"jn6pp\" data-generated-css=\"brz-css-lhGbn\"><\/p>\n<p class=\"brz-tp-lg-empty brz-vfw-lg-400 brz-fwdth-lg-100 brz-fsft-lg-0 brz-ff-be_vietnam_pro brz-ft-google brz-fs-lg-45 brz-fss-lg-px brz-fw-lg-700 brz-ls-lg-0 brz-lh-lg-1 brz-css-aaVPh\" data-uniq-id=\"kDDuy\" data-generated-css=\"brz-css-hHk93\"><strong class=\"brz-cp-color7 brz-capitalize-on\" style=\"color: rgb(31, 32, 34);\">KONTAKT<\/strong><\/p>\n<p class=\"brz-tp-lg-paragraph brz-css-exiCP\" data-uniq-id=\"gvXMt\" data-generated-css=\"brz-css-d3IlN\"><span class=\"brz-cp-color2\">Telefon: 05966926770<\/span><\/p>\n<p class=\"brz-tp-lg-paragraph brz-css-yTDXb\" data-uniq-id=\"goxRN\" data-generated-css=\"brz-css-nxQ5H\"><span class=\"brz-cp-color2\">E-Mail: info@breer-sv.de<\/span><\/p>\n<p class=\"brz-tp-lg-empty brz-lh-lg-1 brz-ls-lg-0 brz-fw-lg-700 brz-fss-lg-px brz-fs-lg-45 brz-ft-google brz-ff-be_vietnam_pro brz-fsft-lg-0 brz-fwdth-lg-100 brz-vfw-lg-400 brz-css-xn3ht\" data-uniq-id=\"hkrpH\" data-generated-css=\"brz-css-dXhvq\"><strong class=\"brz-cp-color7 brz-capitalize-on\" style=\"color: rgb(31, 32, 34);\">UMSATZSTEUER-ID<\/strong><\/p>\n<p class=\"brz-tp-lg-paragraph brz-css-zXbA2\" data-uniq-id=\"iYgA8\" data-generated-css=\"brz-css-o3I6w\"><span class=\"brz-cp-color2\">Umsatzsteuer-Identifikationsnummer gem\u00e4\u00df \u00a7 27 a Umsatzsteuergesetz:<\/span><\/p>\n<p class=\"brz-tp-lg-paragraph brz-css-nskUq\" data-uniq-id=\"yLfPF\" data-generated-css=\"brz-css-sZMPy\"><span class=\"brz-cp-color2\">DE195 331 909<\/span><\/p>\n<p class=\"brz-tp-lg-empty brz-vfw-lg-400 brz-fwdth-lg-100 brz-fsft-lg-0 brz-ff-be_vietnam_pro brz-ft-google brz-fs-lg-45 brz-fss-lg-px brz-fw-lg-700 brz-ls-lg-0 brz-lh-lg-1 brz-css-nEMzH\" data-uniq-id=\"o1RyY\" data-generated-css=\"brz-css-mqtlw\"><strong class=\"brz-cp-color7 brz-capitalize-on\" style=\"color: rgb(31, 32, 34);\">REDAKTIONELL VERANTWORTLICH<\/strong><\/p>\n<p class=\"brz-tp-lg-paragraph brz-css-kAPTT\" data-uniq-id=\"rgrOE\" data-generated-css=\"brz-css-cXmGV\"><span class=\"brz-cp-color7\">Johannes Breer<\/span><\/p>\n<p class=\"brz-tp-lg-empty brz-lh-lg-1 brz-ls-lg-0 brz-fw-lg-700 brz-fss-lg-px brz-fs-lg-45 brz-ft-google brz-ff-be_vietnam_pro brz-fsft-lg-0 brz-fwdth-lg-100 brz-vfw-lg-400 brz-css-i4Hsa\" data-uniq-id=\"kXIdw\" data-generated-css=\"brz-css-xtoqA\"><strong class=\"brz-cp-color7 brz-capitalize-on\" style=\"color: rgb(31, 32, 34);\">HAFTUNG F\u00dcR INHALTE<\/strong><\/p>\n<p class=\"brz-tp-lg-paragraph brz-css-uQz2e\" data-uniq-id=\"bQpEX\" data-generated-css=\"brz-css-i_j3L\"><span class=\"brz-cp-color2\">Als Diensteanbieter sind wir gem\u00e4\u00df \u00a7 7 Abs.1 TMG f\u00fcr eigene Inhalte auf diesen Seiten nach den allgemeinen Gesetzen verantwortlich. Nach \u00a7\u00a7 8 bis 10 TMG sind wir als Diensteanbieter jedoch nicht verpflichtet, \u00fcbermittelte oder gespeicherte fremde Informationen zu \u00fcberwachen oder nach Umst\u00e4nden zu forschen, die auf eine rechtswidrige T\u00e4tigkeit hinweisen.<\/span><\/p>\n<p class=\"brz-tp-lg-paragraph brz-css-hssgo\" data-uniq-id=\"dsuh6\" data-generated-css=\"brz-css-eOjqS\"><span class=\"brz-cp-color2\">Verpflichtungen zur Entfernung oder Sperrung der Nutzung von Informationen nach den allgemeinen Gesetzen bleiben hiervon unber\u00fchrt. Eine diesbez\u00fcgliche Haftung ist jedoch erst ab dem Zeitpunkt der Kenntnis einer konkreten Rechtsverletzung m\u00f6glich. Bei Bekanntwerden von entsprechenden Rechtsverletzungen werden wir diese Inhalte umgehend entfernen.<\/span><\/p>\n<p class=\"brz-tp-lg-empty brz-vfw-lg-400 brz-fwdth-lg-100 brz-fsft-lg-0 brz-ff-be_vietnam_pro brz-ft-google brz-fs-lg-45 brz-fss-lg-px brz-fw-lg-700 brz-ls-lg-0 brz-lh-lg-1 brz-css-c6k8h\" data-uniq-id=\"bzuHE\" data-generated-css=\"brz-css-a6_h6\"><strong class=\"brz-cp-color7 brz-capitalize-on\" style=\"color: rgb(31, 32, 34);\">HAFTUNG F\u00dcR LINKS<\/strong><\/p>\n<p class=\"brz-tp-lg-paragraph brz-css-cG0Hq\" data-uniq-id=\"aeiM0\" data-generated-css=\"brz-css-f6UN5\"><span class=\"brz-cp-color2\">Unser Angebot enth\u00e4lt Links zu externen Websites Dritter, auf deren Inhalte wir keinen Einfluss haben. Deshalb k\u00f6nnen wir f\u00fcr diese fremden Inhalte auch keine Gew\u00e4hr \u00fcbernehmen. F\u00fcr die Inhalte der verlinkten Seiten ist stets der jeweilige Anbieter oder Betreiber der Seiten verantwortlich. Die verlinkten Seiten wurden zum Zeitpunkt der Verlinkung auf m\u00f6gliche Rechtsverst\u00f6\u00dfe \u00fcberpr\u00fcft. Rechtswidrige Inhalte waren zum Zeitpunkt der Verlinkung nicht erkennbar.<\/span><\/p>\n<p class=\"brz-tp-lg-paragraph brz-css-rzI7i\" data-uniq-id=\"o2Nrb\" data-generated-css=\"brz-css-oJ0MZ\"><span class=\"brz-cp-color2\">Eine permanente inhaltliche Kontrolle der verlinkten Seiten ist jedoch ohne konkrete Anhaltspunkte einer Rechtsverletzung nicht zumutbar. Bei Bekanntwerden von Rechtsverletzungen werden wir derartige Links umgehend entfernen.<\/span><\/p>\n<p class=\"brz-tp-lg-empty brz-lh-lg-1 brz-ls-lg-0 brz-fw-lg-700 brz-fss-lg-px brz-fs-lg-45 brz-ft-google brz-ff-be_vietnam_pro brz-fsft-lg-0 brz-fwdth-lg-100 brz-vfw-lg-400 brz-css-a8Ifv\" data-uniq-id=\"rvJhF\" data-generated-css=\"brz-css-x49FJ\"><strong class=\"brz-cp-color7 brz-capitalize-on\" style=\"color: rgb(31, 32, 34);\">URHEBERRECHT<\/strong><\/p>\n<p class=\"brz-tp-lg-paragraph brz-css-hqgcC\" data-uniq-id=\"i7yWB\" data-generated-css=\"brz-css-u04tg\"><span class=\"brz-cp-color2\">Die durch die Seitenbetreiber erstellten Inhalte und Werke auf diesen Seiten unterliegen dem deutschen Urheberrecht. Die Vervielf\u00e4ltigung, Bearbeitung, Verbreitung und jede Art der Verwertung au\u00dferhalb der Grenzen des Urheberrechtes bed\u00fcrfen der schriftlichen Zustimmung des jeweiligen Autors bzw. Erstellers. Downloads und Kopien dieser Seite sind nur f\u00fcr den privaten, nicht kommerziellen Gebrauch gestattet.<\/span><\/p>\n<p class=\"brz-tp-lg-paragraph brz-css-v95N5\" data-uniq-id=\"sXfEY\" data-generated-css=\"brz-css-naNuh\"><span class=\"brz-cp-color2\">Soweit die Inhalte auf dieser Seite nicht vom Betreiber erstellt wurden, werden die Urheberrechte Dritter beachtet. Insbesondere werden Inhalte Dritter als solche gekennzeichnet. Sollten Sie trotzdem auf eine Urheberrechtsverletzung aufmerksam werden, bitten wir um einen entsprechenden Hinweis. Bei Bekanntwerden von Rechtsverletzungen werden wir derartige Inhalte umgehend entfernen.<\/span><\/p>\n<p class=\"brz-tp-lg-empty brz-fsft-lg-0 brz-fwdth-lg-100 brz-vfw-lg-400 brz-lh-lg-1_9 brz-ls-lg-0 brz-fw-lg-400 brz-fss-lg-px brz-fs-lg-12 brz-ft-google brz-ff-be_vietnam_pro brz-css-knBtR\" data-uniq-id=\"hRAR6\" data-generated-css=\"brz-css-wEfeM\"><span class=\"brz-cp-color7\" style=\"color: rgb(189, 189, 189);\">Quelle: eRecht24<\/span><\/p>\n<p class=\"brz-tp-lg-paragraph brz-css-yeJO2\" data-uniq-id=\"sqlNN\" data-generated-css=\"brz-css-opTSW\"><\/p>\n<\/div>\n<\/div>\n<\/div>\n<\/div>\n<\/div>\n<\/section>\n<p>{{ brizy_dc_global_blocks position=&#8217;bottom&#8216; }}<\/p><\/div>\n<p>    <!-- version:1722433968 --><\/p>\n","protected":false},"excerpt":{"rendered":"<p>{{ brizy_dc_global_blocks position=&#8217;top&#8216; }} ANGABEN GEM\u00c4SS \u00a7 5 TMG Johannes Breer Insolvenzbegleiter \/ Auktionator Einzelunternehmen 61\/106\/04430 D\u00f6rgener Feld 4a 49740 Hasel\u00fcnne +49 151 4160 4164 KONTAKT Telefon: 05966926770 E-Mail: info@breer-sv.de UMSATZSTEUER-ID Umsatzsteuer-Identifikationsnummer gem\u00e4\u00df \u00a7 27 a Umsatzsteuergesetz: DE195 331 909 REDAKTIONELL VERANTWORTLICH Johannes Breer HAFTUNG F\u00dcR INHALTE Als Diensteanbieter sind wir gem\u00e4\u00df \u00a7 7 Abs.1 [&hellip;]<\/p>\n","protected":false},"author":1,"featured_media":0,"parent":0,"menu_order":0,"comment_status":"closed","ping_status":"open","template":"brizy-blank-template.php","meta":{"_bbp_topic_count":0,"_bbp_reply_count":0,"_bbp_total_topic_count":0,"_bbp_total_reply_count":0,"_bbp_voice_count":0,"_bbp_anonymous_reply_count":0,"_bbp_topic_count_hidden":0,"_bbp_reply_count_hidden":0,"_bbp_forum_subforum_count":0,"footnotes":""},"class_list":["post-9","page","type-page","status-publish","hentry"],"aioseo_notices":[],"_links":{"self":[{"href":"https:\/\/breer-sv.4vpn.de\/index.php\/wp-json\/wp\/v2\/pages\/9","targetHints":{"allow":["GET"]}}],"collection":[{"href":"https:\/\/breer-sv.4vpn.de\/index.php\/wp-json\/wp\/v2\/pages"}],"about":[{"href":"https:\/\/breer-sv.4vpn.de\/index.php\/wp-json\/wp\/v2\/types\/page"}],"author":[{"embeddable":true,"href":"https:\/\/breer-sv.4vpn.de\/index.php\/wp-json\/wp\/v2\/users\/1"}],"replies":[{"embeddable":true,"href":"https:\/\/breer-sv.4vpn.de\/index.php\/wp-json\/wp\/v2\/comments?post=9"}],"version-history":[{"count":4,"href":"https:\/\/breer-sv.4vpn.de\/index.php\/wp-json\/wp\/v2\/pages\/9\/revisions"}],"predecessor-version":[{"id":17,"href":"https:\/\/breer-sv.4vpn.de\/index.php\/wp-json\/wp\/v2\/pages\/9\/revisions\/17"}],"wp:attachment":[{"href":"https:\/\/breer-sv.4vpn.de\/index.php\/wp-json\/wp\/v2\/media?parent=9"}],"curies":[{"name":"wp","href":"https:\/\/api.w.org\/{rel}","templated":true}]}}